{"id":1710,"date":"2023-12-15T16:59:30","date_gmt":"2023-12-15T09:59:30","guid":{"rendered":"https:\/\/omm.academy\/?page_id=1710"},"modified":"2023-12-21T11:22:57","modified_gmt":"2023-12-21T04:22:57","slug":"huong-dan-dang-ky-tai-khoan","status":"publish","type":"page","link":"https:\/\/omm.academy\/vi\/huong-dan-dang-ky-tai-khoan\/","title":{"rendered":"H\u01af\u1edaNG D\u1eaaN \u0110\u0102NG K\u00dd T\u00c0I KHO\u1ea2N"},"content":{"rendered":"\n<p>H\u1ecdc vi\u00ean khi mua c\u00e1c kho\u00e1 h\u1ecdc t\u1ea1i OMM BROWNS xin vui l\u00f2ng \u0111\u1ecdc h\u01b0\u1edbng d\u1eabn v\u00e0 th\u1ef1c hi\u1ec7n c\u00e1c b\u01b0\u1edbc n\u00eau b\u00ean d\u01b0\u1edbi:<\/p>\n\n\n\n<p>\u0110\u0103ng k\u00fd th\u00e0nh vi\u00ean:<\/p>\n\n\n\n<p><strong>B\u01b0\u1edbc 1: Click v\u00e0o \u00f4 \u201c\u0110\u0103ng k\u00fd\u201d \u1edf g\u00f3c ph\u1ea3i tr\u00ean c\u00f9ng m\u00e0n h\u00ecnh.<\/strong><\/p>\n\n\n\n<figure class=\"wp-block-image\"><img decoding=\"async\" src=\"https:\/\/lh7-us.googleusercontent.com\/p8MVe2ypD90R-Taoo9L7a5BNN8x9DW0Yr-DYl0qCeDlzZVhKCy7JnYelKHdqcyFwbf_vF__-McvufF6vWIrv_cmH3Sr6fBAtER3fFdpa_KR8-DLxmoMn3Xdaa0i0z4q0Bq7gpwo2bkADrEy4AYVywik\" alt=\"\"\/><\/figure>\n\n\n\n<p><strong>B\u01b0\u1edbc 2: \u0110i\u1ec1n th\u00f4ng tin \u0111\u0103ng k\u00fd t\u00e0i kho\u1ea3n. Sau \u0111\u00f3 Click \u201c\u0110\u0103ng k\u00fd\u201d \u0111\u1ec3 l\u01b0u th\u00f4ng tin.<\/strong><\/p>\n\n\n\n<figure class=\"wp-block-image\"><img decoding=\"async\" src=\"https:\/\/lh7-us.googleusercontent.com\/2dBSVpw_bGNQTTSIzhGCWweZ2pMbH8-A0xaVO2Nd8BgjJYWQPtBmiS2Zja-qKVv3UOUIED22rp33p_sgvluBw9fWJXVjP3-jVikPOBj2kvtVLnPeQ4q-yjzNu_x5LB42BJHlaZ2dahUOIeWZb2q8JqM\" alt=\"\"\/><\/figure>\n\n\n\n<p><strong>B\u01b0\u1edbc 3: \u1ede g\u00f3c ph\u1ea3i m\u00e0n h\u00ecnh ph\u00eda tr\u00ean c\u00f9ng, click \u201c\u0110\u0103ng nh\u1eadp\u201d<\/strong><\/p>\n\n\n\n<figure class=\"wp-block-image\"><img decoding=\"async\" src=\"https:\/\/lh7-us.googleusercontent.com\/c6UILVLhAaqovEGfduabKB_dt2tlCSe5-Xu8ON5nfoeQTJbUFQj9JV4wMjxlhRXZi-SjsgEuCXV_qaBHY1zhT0UBEeUE9wUja8jSjj4h1Atnf28IL_xd_6xB98pfeSUK3HF9fVZx9RuZbR5RL6LqV5c\" alt=\"\"\/><\/figure>\n\n\n\n<p><strong>L\u01b0u \u00fd:<\/strong><\/p>\n\n\n\n<p>Email b\u1ea1n s\u1eed d\u1ee5ng khi \u0111\u0103ng k\u00fd s\u1ebd l\u00e0 email b\u1ea1n d\u00f9ng \u0111\u1ec3 \u0111\u0103ng nh\u1eadp, nh\u1eadn th\u00f4ng tin, nh\u1eadn t\u00e0i li\u1ec7u (n\u1ebfu c\u00f3) khi tham gia kho\u00e1 h\u1ecdc. V\u00ec v\u1eady h\u00e3y ch\u1eafc ch\u1eafn email b\u1ea1n d\u00f9ng l\u00e0 email b\u1ea1n th\u01b0\u1eddng xuy\u00ean s\u1eed d\u1ee5ng nh\u00e9.<\/p>\n\n\n\n<p>C\u00e1c h\u1ecdc vi\u00ean ch\u1ec9 \u0111\u01b0\u1ee3c s\u1eed d\u1ee5ng nh\u1ea5t qu\u00e1n m\u1ed9t email xuy\u00ean su\u1ed1t qu\u00e1 tr\u00ecnh h\u1ecdc \u1edf Omm BROWS (k\u1ec3 c\u1ea3 khi \u0111\u0103ng k\u00fd c\u00e1c kho\u00e1 h\u1ecdc kh\u00e1c). Nh\u1eefng tr\u01b0\u1eddng h\u1ee3p kh\u00f4ng s\u1eed d\u1ee5ng \u0111\u00fang email ban \u0111\u1ea7u s\u1ebd m\u1ea5t quy\u1ec1n l\u1ee3i h\u1ecdc vi\u00ean c\u0169 c\u1ee7a b\u1ea1n \u0111\u00f3 nha.<\/p>\n","protected":false},"excerpt":{"rendered":"<p>H\u1ecdc vi\u00ean khi mua c\u00e1c kho\u00e1 h\u1ecdc t\u1ea1i OMM BROWNS xin vui l\u00f2ng \u0111\u1ecdc h\u01b0\u1edbng d\u1eabn v\u00e0 th\u1ef1c hi\u1ec7n c\u00e1c b\u01b0\u1edbc n\u00eau b\u00ean d\u01b0\u1edbi: \u0110\u0103ng&hellip;<\/p>\n","protected":false},"author":9,"featured_media":0,"parent":0,"menu_order":0,"comment_status":"closed","ping_status":"closed","template":"","meta":{"footnotes":""},"class_list":["post-1710","page","type-page","status-publish","hentry"],"_links":{"self":[{"href":"https:\/\/omm.academy\/vi\/wp-json\/wp\/v2\/pages\/1710","targetHints":{"allow":["GET"]}}],"collection":[{"href":"https:\/\/omm.academy\/vi\/wp-json\/wp\/v2\/pages"}],"about":[{"href":"https:\/\/omm.academy\/vi\/wp-json\/wp\/v2\/types\/page"}],"author":[{"embeddable":true,"href":"https:\/\/omm.academy\/vi\/wp-json\/wp\/v2\/users\/9"}],"replies":[{"embeddable":true,"href":"https:\/\/omm.academy\/vi\/wp-json\/wp\/v2\/comments?post=1710"}],"version-history":[{"count":4,"href":"https:\/\/omm.academy\/vi\/wp-json\/wp\/v2\/pages\/1710\/revisions"}],"predecessor-version":[{"id":2033,"href":"https:\/\/omm.academy\/vi\/wp-json\/wp\/v2\/pages\/1710\/revisions\/2033"}],"wp:attachment":[{"href":"https:\/\/omm.academy\/vi\/wp-json\/wp\/v2\/media?parent=1710"}],"curies":[{"name":"wp","href":"https:\/\/api.w.org\/{rel}","templated":true}]}}