{"id":1412,"date":"2023-12-08T15:31:15","date_gmt":"2023-12-08T08:31:15","guid":{"rendered":"https:\/\/omm.academy\/?page_id=1412"},"modified":"2023-12-08T16:08:13","modified_gmt":"2023-12-08T09:08:13","slug":"huong-dan-thanh-toan","status":"publish","type":"page","link":"https:\/\/omm.academy\/vi\/huong-dan-thanh-toan\/","title":{"rendered":"H\u01b0\u1edbng d\u1eabn thanh to\u00e1n"},"content":{"rendered":"\n<p>\u0110\u1ec3 th\u1ef1c hi\u1ec7n qu\u00e1 tr\u00ecnh thanh to\u00e1n kh\u00f3a h\u1ecdc, b\u1ea1n vui l\u00f2ng l\u00e0m theo c\u00e1c h\u01b0\u1edbng d\u1eabn chi ti\u1ebft d\u01b0\u1edbi \u0111\u00e2y \u0111\u1ec3 v\u00e0o kh\u00f3a h\u1ecdc nh\u00e9!<\/p>\n\n\n\n<p>B\u01b0\u1edbc 1: Nh\u1ea5n <a href=\"https:\/\/omm.academy\/khoa-hoc\/\">v\u00e0o \u0111\u00e2y<\/a> v\u00e0 ch\u1ecdn Kh\u00f3a h\u1ecdc m\u00e0 b\u1ea1n mu\u1ed1n \u0111\u0103ng k\u00fd.<\/p>\n\n\n\n<p>B\u01b0\u1edbc 2: Ch\u1ecdn kh\u00f3a h\u1ecdc m\u00e0 b\u1ea1n mu\u1ed1n h\u1ecdc.<\/p>\n\n\n\n<p>B\u01b0\u1edbc 3: Nh\u1ea5n v\u00e0o <strong>\u201cT\u00ean kh\u00f3a h\u1ecdc\u201d<\/strong> \u0111\u1ec3 xem th\u00eam th\u00f4ng tin v\u1ec1 kh\u00f3a h\u1ecdc.<\/p>\n\n\n\n<p>B\u01b0\u1edbc 4: Nh\u1ea5n v\u00e0o <strong>\u201cTh\u00eam v\u00e0o gi\u1ecf h\u00e0ng\u201d<\/strong>.<\/p>\n\n\n\n<p>B\u01b0\u1edbc 5: Nh\u1ea5n v\u00e0o <strong>\u201cTi\u1ebfn h\u00e0nh thanh to\u00e1n\u201d<\/strong>.<\/p>\n\n\n\n<p>B\u01b0\u1edbc 6: \u0110i\u1ec1n th\u00f4ng tin c\u00e1 nh\u00e2n v\u00e0 b\u1eaft \u0111\u1ea7u thanh to\u00e1n.<\/p>\n\n\n\n<p>B\u01b0\u1edbc 7: B\u1eaft \u0111\u1ea7u <strong>\u201cThanh to\u00e1n kh\u00f3a h\u1ecdc\u201d<\/strong>.<\/p>\n\n\n\n<p>Sau khi ho\u00e0n th\u00e0nh c\u00e1c b\u01b0\u1edbc tr\u00ean, b\u1ea1n \u0111\u00e3 c\u00f3 th\u1ec3 b\u1eaft \u0111\u1ea7u v\u00e0o h\u1ecdc!<\/p>\n","protected":false},"excerpt":{"rendered":"<p>\u0110\u1ec3 th\u1ef1c hi\u1ec7n qu\u00e1 tr\u00ecnh thanh to\u00e1n kh\u00f3a h\u1ecdc, b\u1ea1n vui l\u00f2ng l\u00e0m theo c\u00e1c h\u01b0\u1edbng d\u1eabn chi ti\u1ebft d\u01b0\u1edbi \u0111\u00e2y \u0111\u1ec3 v\u00e0o kh\u00f3a h\u1ecdc&hellip;<\/p>\n","protected":false},"author":9,"featured_media":0,"parent":0,"menu_order":0,"comment_status":"closed","ping_status":"closed","template":"","meta":{"footnotes":""},"class_list":["post-1412","page","type-page","status-publish","hentry"],"_links":{"self":[{"href":"https:\/\/omm.academy\/vi\/wp-json\/wp\/v2\/pages\/1412","targetHints":{"allow":["GET"]}}],"collection":[{"href":"https:\/\/omm.academy\/vi\/wp-json\/wp\/v2\/pages"}],"about":[{"href":"https:\/\/omm.academy\/vi\/wp-json\/wp\/v2\/types\/page"}],"author":[{"embeddable":true,"href":"https:\/\/omm.academy\/vi\/wp-json\/wp\/v2\/users\/9"}],"replies":[{"embeddable":true,"href":"https:\/\/omm.academy\/vi\/wp-json\/wp\/v2\/comments?post=1412"}],"version-history":[{"count":5,"href":"https:\/\/omm.academy\/vi\/wp-json\/wp\/v2\/pages\/1412\/revisions"}],"predecessor-version":[{"id":1444,"href":"https:\/\/omm.academy\/vi\/wp-json\/wp\/v2\/pages\/1412\/revisions\/1444"}],"wp:attachment":[{"href":"https:\/\/omm.academy\/vi\/wp-json\/wp\/v2\/media?parent=1412"}],"curies":[{"name":"wp","href":"https:\/\/api.w.org\/{rel}","templated":true}]}}