{"id":1323,"date":"2023-12-08T12:02:08","date_gmt":"2023-12-08T05:02:08","guid":{"rendered":"https:\/\/omm.academy\/?page_id=1323"},"modified":"2023-12-15T15:34:33","modified_gmt":"2023-12-15T08:34:33","slug":"chinh-sach-bao-ve-thong-tin","status":"publish","type":"page","link":"https:\/\/omm.academy\/vi\/chinh-sach-bao-ve-thong-tin\/","title":{"rendered":"Ch\u00ednh s\u00e1ch b\u1ea3o v\u1ec7 th\u00f4ng tin"},"content":{"rendered":"\n<h2 class=\"wp-block-heading\"><strong>I<\/strong>. Thu th\u1eadp th\u00f4ng tin c\u00e1 nh\u00e2n<\/h2>\n\n\n\n<p>Omm BROWS s\u1ebd thu th\u1eadp th\u00f4ng tin c\u1ee7a Kh\u00e1ch h\u00e0ng bao g\u1ed3m: T\u00ean \u0111\u1ea7y \u0111\u1ee7; \u0110\u1ecba ch\u1ec9 li\u00ean l\u1ea1c; Email; S\u1ed1 \u0111i\u1ec7n tho\u1ea1i; T\u00ean \u0111\u0103ng nh\u1eadp; M\u1eadt kh\u1ea9u \u0111\u0103ng nh\u1eadp \u0111\u1ec3 thi\u1ebft l\u1eadp h\u1ed3 s\u01a1 c\u00e1 nh\u00e2n.<\/p>\n\n\n\n<p>N\u1ed9i dung bao g\u1ed3m c\u00e1c th\u00f4ng tin b\u1eaft bu\u1ed9c khai b\u00e1o c\u1ee7a Kh\u00e1ch h\u00e0ng khi \u0111\u0103ng k\u00fd t\u00e0i kho\u1ea3n tr\u00ean Omm BROWS;<\/p>\n\n\n\n<p>Khi thu th\u1eadp c\u00e1c th\u00f4ng tin c\u00e1 nh\u00e2n c\u1ee7a Kh\u00e1ch h\u00e0ng, Omm BROWS mong mu\u1ed1n cung c\u1ea5p nh\u1eefng ti\u1ec7n \u00edch thi\u1ebft th\u1ef1c nh\u1ea5t t\u1edbi Kh\u00e1ch h\u00e0ng, b\u1ea3o v\u1ec7 quy\u1ec1n l\u1ee3i v\u00e0 \u0111\u1ea3m b\u1ea3o t\u00f4n tr\u1ecdng s\u1ef1 ri\u00eang t\u01b0 cho Kh\u00e1ch h\u00e0ng. Trong ph\u1ea1m vi \u0111i\u1ec1u kho\u1ea3n, Omm BROWS cam k\u1ebft s\u1ebd kh\u00f4ng b\u00e1n, cho thu\u00ea hay trao \u0111\u1ed5i d\u1eef li\u1ec7u th\u00f4ng tin Kh\u00e1ch h\u00e0ng \u0111\u00e3 thu th\u1eadp cho c\u00e1c \u0111\u1ed1i t\u01b0\u1ee3ng n\u00e0o kh\u00e1c ngo\u00e0i \u0111\u1ed1i t\u01b0\u1ee3ng \u0111\u01b0\u1ee3c li\u1ec7t k\u00ea trong Quy ch\u1ebf n\u00e0y.<\/p>\n\n\n\n<h2 class=\"wp-block-heading\">II. S\u1eed d\u1ee5ng th\u00f4ng tin c\u00e1 nh\u00e2n<\/h2>\n\n\n\n<p>Th\u00f4ng tin thu th\u1eadp t\u1eeb Kh\u00e1ch h\u00e0ng \u0111\u01b0\u1ee3c s\u1eed d\u1ee5ng trong ph\u1ea1m vi:<\/p>\n\n\n\n<ul class=\"wp-block-list\">\n<li>Cung c\u1ea5p d\u1ecbch v\u1ee5 t\u01b0 v\u1ea5n cho Kh\u00e1ch h\u00e0ng theo th\u00f4ng tin Kh\u00e1ch h\u00e0ng cung c\u1ea5p;<\/li>\n\n\n\n<li>G\u1eedi Kh\u00e1ch h\u00e0ng c\u00e1c th\u00f4ng b\u00e1o v\u1ec1 ho\u1ea1t \u0111\u1ed9ng trao \u0111\u1ed5i th\u00f4ng tin gi\u1eefa Omm BROWS v\u00e0 th\u00e0nh vi\u00ean;<\/li>\n\n\n\n<li>\u0110\u1ea3m b\u1ea3o an to\u00e0n cho Kh\u00e1ch h\u00e0ng khi c\u00f3 nguy c\u01a1 ph\u00e1 h\u1ee7y, chi\u1ebfm \u0111o\u1ea1t t\u00e0i kho\u1ea3n c\u1ee7a Kh\u00e1ch h\u00e0ng v\u00e0 ho\u1ea1t \u0111\u1ed9ng gi\u1ea3 m\u1ea1o Kh\u00e1ch h\u00e0ng;<\/li>\n\n\n\n<li>Li\u00ean l\u1ea1c v\u1edbi Kh\u00e1ch h\u00e0ng \u0111\u1ec3 cung c\u1ea5p h\u00e0ng h\u00f3a\/d\u1ecbch v\u1ee5 khi Kh\u00e1ch h\u00e0ng mua c\u00e1c s\u1ea3n ph\u1ea9m h\u00e0ng h\u00f3a\/d\u1ecbch v\u1ee5 tr\u00ean h\u1ec7 th\u1ed1ng. X\u00e1c nh\u1eadn th\u00f4ng tin khi th\u1ef1c hi\u1ec7n ho\u1ea1t \u0111\u1ed9ng mua, giao h\u00e0ng;<\/li>\n\n\n\n<li>Th\u1ef1c hi\u1ec7n c\u00e1c cu\u1ed9c kh\u1ea3o s\u00e1t; c\u00e1c ho\u1ea1t \u0111\u1ed9ng qu\u1ea3ng b\u00e1, cung c\u1ea5p c\u00e1c th\u00f4ng tin c\u1eadp nh\u1eadt v\u1ec1 \u0111i\u1ec1u kho\u1ea3n ho\u1ea1t \u0111\u1ed9ng c\u1ee7a h\u1ec7 th\u1ed1ng c\u00f3 \u1ea3nh h\u01b0\u1edfng \u0111\u1ebfn Kh\u00e1ch h\u00e0ng;<\/li>\n<\/ul>\n\n\n\n<p>B\u1ea3o m\u1eadt th\u00f4ng tin Kh\u00e1ch h\u00e0ng l\u00e0 \u01b0u ti\u00ean h\u00e0ng \u0111\u1ea7u c\u1ee7a Omm BROWS khi thu th\u1eadp d\u1eef li\u1ec7u th\u00f4ng tin Kh\u00e1ch h\u00e0ng. Omm BROWS lu\u00f4n c\u1ed1 g\u1eafng b\u1eaft k\u1ecbp c\u00e1c ti\u00eau chu\u1ea9n b\u1ea3o v\u1ec7 th\u00f4ng tin c\u00e1c nh\u00e2n c\u1ee7a kh\u00e1ch h\u00e0ng;<\/p>\n\n\n\n<p>Omm BROWS y\u00eau c\u1ea7u x\u00e1c nh\u1eadn l\u1ea1i m\u1eadt kh\u1ea9u khi \u0111\u0103ng nh\u1eadp \u0111\u1ec3 ch\u1ed1ng l\u1ea1i nh\u1eefng truy c\u1eadp tr\u00e1i ph\u00e9p v\u00e0o h\u1ec7 th\u1ed1ng th\u00f4ng tin c\u00e1 nh\u00e2n Kh\u00e1ch h\u00e0ng. Trong tr\u01b0\u1eddng h\u1ee3p Kh\u00e1ch h\u00e0ng r\u1eddi m\u00e1y t\u00ednh v\u00e0 ch\u01b0a \u0111\u0103ng xu\u1ea5t tr\u00ean website, h\u1ec7 th\u1ed1ng s\u1ebd t\u1ef1 \u0111\u1ed9ng \u0111\u0103ng xu\u1ea5t sau m\u1ed9t kho\u1ea3ng th\u1eddi gian.<\/p>\n\n\n\n<h2 class=\"wp-block-heading\">III. Th\u1eddi gian l\u01b0u tr\u1eef th\u00f4ng tin<\/h2>\n\n\n\n<ol class=\"wp-block-list\">\n<li>Omm BROWS s\u1ebd l\u01b0u tr\u1eef th\u00f4ng tin thu th\u1eadp t\u1eeb Kh\u00e1ch h\u00e0ng t\u1eeb th\u1eddi \u0111i\u1ec3m Kh\u00e1ch h\u00e0ng khai b\u00e1o th\u00f4ng tin \u0111\u1ebfn khi t\u00e0i kho\u1ea3n c\u1ee7a Kh\u00e1ch h\u00e0ng ng\u1eebng ho\u1ea1t \u0111\u1ed9ng.<\/li>\n\n\n\n<li>Omm BROWS s\u1ebd l\u01b0u gi\u1eef v\u00e0 s\u1eed d\u1ee5ng th\u00f4ng tin c\u1ee7a kh\u00e1ch h\u00e0ng khi c\u1ea7n tu\u00e2n theo ngh\u0129a v\u1ee5 ph\u00e1p l\u00fd, gi\u1ea3i quy\u1ebft tranh ch\u1ea5p v\u00e0 th\u1ef1c thi c\u00e1c tho\u1ea3 thu\u1eadn c\u1ee7a Omm BROWS.<\/li>\n\n\n\n<li>Kh\u00e1ch h\u00e0ng c\u0169ng c\u00f3 th\u1ec3 r\u00fat l\u1ea1i s\u1ef1 \u0111\u1ed3ng \u00fd cho ph\u00e9p thu th\u1eadp, s\u1eed d\u1ee5ng v\u00e0\/ho\u1eb7c ti\u1ebft l\u1ed9 d\u1eef li\u1ec7u c\u00e1 nh\u00e2n c\u1ee7a kh\u00e1ch h\u00e0ng m\u00e0 Omm BROWS \u0111ang l\u01b0u gi\u1eef ho\u1eb7c ki\u1ec3m so\u00e1t b\u1eb1ng c\u00e1ch g\u1eedi email cho B\u1ed9 ph\u1eadn Ch\u0103m s\u00f3c kh\u00e1ch h\u00e0ng c\u1ee7a ban qu\u1ea3n tr\u1ecb Omm BROWS t\u1ea1i \u0111\u1ecba ch\u1ec9 email <a href=\"mailto:ommbrows@gmail.com\" target=\"_blank\" rel=\"noreferrer noopener\">ommbrows@gmail.com<\/a> ho\u1eb7c qua trang <a href=\"https:\/\/trogiup.ommbrows.vn\/\" target=\"_blank\" rel=\"noreferrer noopener\">https:\/\/trogiup.ommbrows.vn\/<\/a>, v\u00e0 ch\u00fang t\u00f4i s\u1ebd x\u1eed l\u00fd c\u00e1c y\u00eau c\u1ea7u n\u00e0y theo Ch\u00ednh S\u00e1ch B\u1ea3o M\u1eadt c\u0169ng nh\u01b0 quy \u0111\u1ecbnh ph\u00e1p lu\u1eadt c\u00f3 li\u00ean quan.<\/li>\n<\/ol>\n\n\n\n<p>Tuy nhi\u00ean, vi\u1ec7c kh\u00e1ch r\u00fat l\u1ea1i s\u1ef1 \u0111\u1ed3ng \u00fd c\u00f3 th\u1ec3 c\u00f3 ngh\u0129a l\u00e0 Omm BROWS s\u1ebd kh\u00f4ng th\u1ec3 ti\u1ebfp t\u1ee5c cung c\u1ea5p C\u00e1c D\u1ecbch V\u1ee5 cho kh\u00e1ch h\u00e0ng, v\u00e0 ban qu\u1ea3n tr\u1ecb s\u00e0n c\u00f3 th\u1ec3 c\u1ea7n ph\u1ea3i ch\u1ea5m d\u1ee9t quan h\u1ec7 hi\u1ec7n t\u1ea1i c\u1ee7a b\u1ea1n v\u00e0\/ho\u1eb7c h\u1ee3p \u0111\u1ed3ng c\u1ee7a b\u1ea1n v\u1edbi Omm BROWS.<\/p>\n\n\n\n<h2 class=\"wp-block-heading\">IV. Thay \u0111\u1ed5i ho\u1eb7c lo\u1ea1i b\u1ecf th\u00f4ng tin h\u1ed3 s\u01a1 c\u00e1 nh\u00e2n<\/h2>\n\n\n\n<p>Kh\u00e1ch h\u00e0ng c\u00f3 th\u1ec3 t\u1ef1 ki\u1ec3m tra, c\u1eadp nh\u1eadt, \u0111i\u1ec1u ch\u1ec9nh ho\u1eb7c h\u1ee7y b\u1ecf th\u00f4ng tin c\u00e1 nh\u00e2n c\u1ee7a m\u00ecnh b\u1eb1ng c\u00e1c c\u00e1ch sau \u0111\u00e2y:<\/p>\n\n\n\n<ul class=\"wp-block-list\">\n<li>Kh\u00e1ch h\u00e0ng t\u1ef1 \u0111\u0103ng nh\u1eadp v\u00e0o t\u00e0i kho\u1ea3n c\u1ee7a m\u00ecnh, v\u00e0o m\u1ee5c th\u00f4ng tin c\u00e1 nh\u00e2n v\u00e0 ch\u1ec9nh s\u1eeda th\u00f4ng tin c\u00e1 nh\u00e2n;<\/li>\n\n\n\n<li>Kh\u00e1ch h\u00e0ng g\u1ecdi \u0111i\u1ec7n \u0111\u1ebfn s\u1ed1 \u0111i\u1ec7n tho\u1ea1i h\u1ed7 tr\u1ee3\/email h\u1ed7 tr\u1ee3 c\u1ee7a Ban qu\u1ea3n tr\u1ecb h\u1ec7 th\u1ed1ng v\u00e0 y\u00eau c\u1ea7u \u0111\u01b0\u1ee3c ch\u1ec9nh s\u1eeda th\u00f4ng tin c\u00e1 nh\u00e2n.<\/li>\n<\/ul>\n\n\n\n<h2 class=\"wp-block-heading\">V. Cam k\u1ebft b\u1ea3o m\u1eadt th\u00f4ng tin kh\u00e1ch h\u00e0ng<\/h2>\n\n\n\n<h3 class=\"wp-block-heading\">V.1 Ch\u00ednh s\u00e1ch b\u1ea3o v\u1ec7 th\u00f4ng tin kh\u00e1ch h\u00e0ng c\u00e1 nh\u00e2n<\/h3>\n\n\n\n<p>Ban qu\u1ea3n tr\u1ecb Omm BROWS cam k\u1ebft b\u1ea3o m\u1eadt th\u00f4ng tin c\u00e1 nh\u00e2n c\u1ee7a Kh\u00e1ch h\u00e0ng theo nh\u1eefng n\u1ed9i dung sau:<\/p>\n\n\n\n<ul class=\"wp-block-list\">\n<li>Cam k\u1ebft b\u1ea3o m\u1eadt tuy\u1ec7t \u0111\u1ed1i theo ch\u00ednh s\u00e1ch b\u1ea3o v\u1ec7 th\u00f4ng tin c\u00e1 nh\u00e2n c\u1ee7a Omm BROWS;<\/li>\n\n\n\n<li>Cam k\u1ebft b\u1ea3o m\u1eadt tuy\u1ec7t \u0111\u1ed1i m\u1ecdi th\u00f4ng tin giao d\u1ecbch tr\u1ef1c tuy\u1ebfn c\u1ee7a Kh\u00e1ch h\u00e0ng bao g\u1ed3m c\u00e1c th\u00f4ng tin v\u1ec1 l\u1ecbch s\u1eed giao d\u1ecbch; th\u00f4ng tin v\u1ec1 ch\u1ee9ng t\u1eeb s\u1ed1 h\u00f3a t\u1ea1i khu v\u1ef1c d\u1eef li\u1ec7u trung t\u00e2m an to\u00e0n;<\/li>\n\n\n\n<li>Cam k\u1ebft kh\u00f4ng s\u1eed d\u1ee5ng, kh\u00f4ng chuy\u1ec3n giao, kh\u00f4ng cung c\u1ea5p hay ti\u1ebft l\u1ed9 cho b\u00ean th\u1ee9 ba n\u00e0o kh\u00e1c v\u1ec1 th\u00f4ng tin c\u00e1 nh\u00e2n c\u1ee7a Kh\u00e1ch h\u00e0ng khi kh\u00f4ng c\u00f3 s\u1ef1 cho ph\u00e9p t\u1eeb Kh\u00e1ch h\u00e0ng ngo\u1ea1i tr\u1eeb \u0111i\u1ec1u kho\u1ea3n kh\u00e1c \u0111\u01b0\u1ee3c quy \u0111\u1ecbnh trong Quy ch\u1ebf n\u00e0y v\u00e0 theo quy \u0111\u1ecbnh c\u1ee7a Ph\u00e1p lu\u1eadt;<\/li>\n\n\n\n<li>Trong tr\u01b0\u1eddng h\u1ee3p ph\u00e1t sinh c\u00e1c l\u1ed7i k\u1ef9 thu\u1eadt ho\u1eb7c b\u1ecb t\u1ea5n c\u00f4ng d\u1eef li\u1ec7u, Ban qu\u1ea3n tr\u1ecb s\u00e0n c\u00f3 tr\u00e1ch nhi\u1ec7m th\u00f4ng b\u00e1o cho c\u01a1 quan ch\u1ee9c n\u0103ng v\u00e0 Kh\u00e1ch h\u00e0ng trong th\u1eddi gian 09 ng\u00e0y k\u1ec3 t\u1eeb khi c\u00f3 s\u1ef1 c\u1ed1 x\u1ea3y ra.<\/li>\n<\/ul>\n\n\n\n<h3 class=\"wp-block-heading\">V.2 Ch\u00ednh s\u00e1ch b\u1ea3o v\u1ec7 th\u00f4ng tin thanh to\u00e1n<\/h3>\n\n\n\n<p>Omm BROWS cam k\u1ebft \u0111\u1ea3m b\u1ea3o th\u1ef1c hi\u1ec7n nghi\u00eam t\u00fac c\u00e1c bi\u1ec7n ph\u00e1p b\u1ea3o m\u1eadt c\u1ea7n thi\u1ebft cho m\u1ecdi ho\u1ea1t \u0111\u1ed9ng thanh to\u00e1n th\u1ef1c hi\u1ec7n tr\u00ean s\u00e0n giao d\u1ecbch th\u01b0\u01a1ng m\u1ea1i \u0111i\u1ec7n t\u1eed Omm BROWS.<\/p>\n\n\n\n<ul class=\"wp-block-list\">\n<li>Ch\u00ednh s\u00e1ch giao d\u1ecbch thanh to\u00e1n b\u1eb1ng th\u1ebb qu\u1ed1c t\u1ebf v\u00e0 th\u1ebb n\u1ed9i \u0111\u1ecba (internet banking) \u0111\u1ea3m b\u1ea3o tu\u00e2n th\u1ee7 c\u00e1c ti\u00eau chu\u1ea9n b\u1ea3o m\u1eadt c\u1ee7a c\u00e1c \u0110\u1ed1i T\u00e1c C\u1ed5ng Thanh To\u00e1n (Onepay) g\u1ed3m:<\/li>\n\n\n\n<li>Th\u00f4ng tin t\u00e0i ch\u00ednh c\u1ee7a Kh\u00e1ch h\u00e0ng s\u1ebd \u0111\u01b0\u1ee3c b\u1ea3o v\u1ec7 trong su\u1ed1t qu\u00e1 tr\u00ecnh giao d\u1ecbch b\u1eb1ng giao th\u1ee9c SSL (Secure Sockets Layer).<\/li>\n\n\n\n<li>Ch\u1ee9ng nh\u1eadn ti\u00eau chu\u1ea9n b\u1ea3o m\u1eadt d\u1eef li\u1ec7u th\u00f4ng tin thanh to\u00e1n (PCI DSS) doTrustwave cung c\u1ea5p.<\/li>\n\n\n\n<li>M\u1eadt kh\u1ea9u s\u1eed d\u1ee5ng m\u1ed9t l\u1ea7n (OTP) \u0111\u01b0\u1ee3c g\u1eedi qua SMS \u0111\u1ec3 \u0111\u1ea3m b\u1ea3o vi\u1ec7c truy c\u1eadp t\u00e0i kho\u1ea3n \u0111\u01b0\u1ee3c x\u00e1c th\u1ef1c.<\/li>\n\n\n\n<li>Ti\u00eau chu\u1ea9n m\u00e3 h\u00f3a MD5 128 bit.<\/li>\n\n\n\n<li>C\u00e1c nguy\u00ean t\u1eafc v\u00e0 quy \u0111\u1ecbnh b\u1ea3o m\u1eadt th\u00f4ng tin trong ng\u00e0nh t\u00e0i ch\u00ednh ng\u00e2n h\u00e0ng theo quy \u0111\u1ecbnh c\u1ee7a Ng\u00e2n h\u00e0ng nh\u00e0 n\u01b0\u1edbc Vi\u1ec7t Nam.<\/li>\n\n\n\n<li>Ch\u00ednh s\u00e1ch b\u1ea3o m\u1eadt giao d\u1ecbch trong thanh to\u00e1n c\u1ee7a Omm BROWS \u00e1p d\u1ee5ng v\u1edbi Kh\u00e1ch h\u00e0ng:<\/li>\n\n\n\n<li>Omm BROWS ch\u1ec9 l\u01b0u chu\u1ed7i \u0111\u00e3 \u0111\u01b0\u1ee3c m\u00e3 h\u00f3a b\u1edfi \u0110\u1ed1i T\u00e1c C\u1ed5ng Thanh To\u00e1n cung c\u1ea5p cho Omm BROWS. Omm BROWS kh\u00f4ng tr\u1ef1c ti\u1ebfp l\u01b0u tr\u1eef th\u00f4ng tin th\u1ebb kh\u00e1ch h\u00e0ng. Vi\u1ec7c b\u1ea3o m\u1eadt th\u00f4ng tin th\u1ebb thanh to\u00e1n Kh\u00e1ch h\u00e0ng \u0111\u01b0\u1ee3c th\u1ef1c hi\u1ec7n b\u1edfi \u0110\u1ed1i T\u00e1c C\u1ed5ng Thanh To\u00e1n \u0111\u00e3 \u0111\u01b0\u1ee3c c\u1ea5p ph\u00e9p.<\/li>\n\n\n\n<li>\u0110\u1ed1i v\u1edbi th\u1ebb qu\u1ed1c t\u1ebf: th\u00f4ng tin th\u1ebb thanh to\u00e1n c\u1ee7a Kh\u00e1ch h\u00e0ng m\u00e0 c\u00f3 kh\u1ea3 n\u0103ng s\u1eed d\u1ee5ng \u0111\u1ec3 x\u00e1c l\u1eadp giao d\u1ecbch kh\u00f4ng \u0111\u01b0\u1ee3c l\u01b0u tr\u00ean h\u1ec7 th\u1ed1ng c\u1ee7a Omm BROWS. \u0110\u1ed1i T\u00e1c C\u1ed5ng Thanh To\u00e1n s\u1ebd l\u01b0u tr\u1eef v\u00e0 b\u1ea3o m\u1eadt.<\/li>\n\n\n\n<li>\u0110\u1ed1i v\u1edbi th\u1ebb n\u1ed9i \u0111\u1ecba (internet banking), Omm BROWS ch\u1ec9 l\u01b0u tr\u1eef m\u00e3 \u0111\u01a1n h\u00e0ng, m\u00e3 giao d\u1ecbch v\u00e0 t\u00ean ng\u00e2n h\u00e0ng.<\/li>\n<\/ul>\n\n\n\n<h2 class=\"wp-block-heading\">VI. \u0110\u1ed1i t\u01b0\u1ee3ng chia s\u1ebb th\u00f4ng tin<\/h2>\n\n\n\n<p>1. Ban qu\u1ea3n tr\u1ecb Omm BROWS c\u00f3 th\u1ec3 chia s\u1ebb, ti\u1ebft l\u1ed9 th\u00f4ng tin c\u00e1 nh\u00e2n c\u1ee7a Kh\u00e1ch h\u00e0ng khi tin r\u1eb1ng vi\u1ec7c l\u00e0m \u0111\u00f3 l\u00e0 c\u1ea7n thi\u1ebft \u0111\u1ec3 b\u1ea3o v\u1ec7 c\u00e1c quy\u1ec1n l\u1ee3i c\u1ee7a Kh\u00e1ch h\u00e0ng, \u0111\u1ea3m b\u1ea3o s\u1ef1 an to\u00e0n giao d\u1ecbch cho Kh\u00e1ch h\u00e0ng v\u00e0 theo y\u00eau c\u1ea7u c\u1ee7a b\u00ean th\u1ee9 3 c\u00f3 th\u1ea9m quy\u1ec1n.<\/p>\n\n\n\n<p>2. Ban qu\u1ea3n tr\u1ecb Omm BROWS c\u00f3 th\u1ec3 chia s\u1ebb th\u00f4ng tin c\u00e1 nh\u00e2n c\u1ee7a Kh\u00e1ch h\u00e0ng t\u1edbi nh\u00f3m c\u00e1c C\u00f4ng ty n\u1eb1m trong T\u1ed5 h\u1ee3p C\u00f4ng ngh\u1ec7 Gi\u00e1o d\u1ee5c Omm GROUP \u0111\u1ec3 nghi\u00ean c\u1ee9u v\u00e0 gi\u1edbi thi\u1ec7u t\u1edbi Kh\u00e1ch h\u00e0ng nh\u1eefng s\u1ea3n ph\u1ea9m h\u00e0ng h\u00f3a v\u00e0 d\u1ecbch v\u1ee5 t\u1ed1t h\u01a1n t\u1edbi t\u1eebng c\u00e1 nh\u00e2n Kh\u00e1ch h\u00e0ng.Trong tr\u01b0\u1eddng h\u1ee3p Kh\u00e1ch h\u00e0ng kh\u00f4ng mu\u1ed1n chia s\u1ebb th\u00f4ng tin, Omm BROWS ho\u00e0n to\u00e0n \u0111\u1ed3ng \u00fd khi nh\u1eadn \u0111\u01b0\u1ee3c y\u00eau c\u1ea7u t\u1eeb Kh\u00e1ch h\u00e0ng.<\/p>\n\n\n\n<p>3. Omm BROWS c\u00f3 th\u1ec3 ti\u1ebft l\u1ed9 th\u00f4ng tin c\u00e1 nh\u00e2n c\u1ee7a kh\u00e1ch h\u00e0ng theo y\u00eau c\u1ea7u c\u1ee7a lu\u1eadt s\u01b0 c\u0169ng nh\u01b0 c\u01a1 quan ch\u1ee9c n\u0103ng c\u00f3 th\u1ea9m quy\u1ec1n.<\/p>\n\n\n\n<p>4. N\u1ebfu Omm BROWS tham gia v\u00e0o s\u00e1t nh\u1eadp ho\u1eb7c \u0111\u01b0\u1ee3c mua l\u1ea1i m\u1ed9t ph\u1ea7n hay to\u00e0n b\u1ed9 t\u00e0i s\u1ea3n, kh\u00e1ch h\u00e0ng s\u1ebd \u0111\u01b0\u1ee3c th\u00f4ng b\u00e1o qua email ho\u1eb7c qua tin t\u1ee9c ch\u00ednh th\u1ee9c tr\u00ean trang web c\u1ee7a Omm BROWS v\u1ec1 b\u1ea5t k\u00ec s\u1ef1 thay \u0111\u1ed5i quy\u1ec1n s\u1edf h\u1eefu ho\u1eb7c s\u1eed d\u1ee5ng th\u00f4ng tin c\u00e1 nh\u00e2n c\u1ee7a kh\u00e1ch h\u00e0ng, c\u0169ng nh\u01b0 b\u1ea5t k\u00ec quy\u1ec1n c\u1ee7a kh\u00e1ch h\u00e0ng n\u00e0o li\u00ean quan \u0111\u1ebfn th\u00f4ng tin c\u00e1 nh\u00e2n c\u1ee7a kh\u00e1ch h\u00e0ng, t\u1edbi b\u1ea5t k\u00ec b\u00ean th\u1ee9 3 n\u00e0o v\u1edbi s\u1ef1 \u0111\u1ed3ng \u00fd c\u1ee7a kh\u00e1ch h\u00e0ng.<\/p>\n\n\n\n<p>5. Omm BROWS v\u00e0 c\u00e1c \u0111\u1ed1i t\u00e1c s\u1eed d\u1ee5ng Cookies \u0111\u1ec3 ghi nh\u1edb th\u00f4ng tin kh\u00e1ch h\u00e0ng khi b\u1ea1n truy c\u1eadp v\u00e0o trang web. Cookies l\u00e0 m\u1ed9t m\u1ea9u th\u00f4ng tin m\u00e0 trang web l\u01b0u tr\u1eef l\u1ea1i \u1edf tr\u00ecnh duy\u1ec7t m\u00e1y t\u00ednh ho\u1eb7c tr\u00ean \u1ed5 c\u1ee9ng c\u1ee7a kh\u00e1ch h\u00e0ng khi kh\u00e1ch h\u00e0ng truy c\u1eadp v\u00e0o trang web b\u1ea5t k\u1ef3.<\/p>\n\n\n\n<p>6. Omm BROWS s\u1eed d\u1ee5ng d\u1ecbch v\u1ee5 c\u1ee7a b\u00ean th\u1ee9 3 \u0111\u1ec3 gi\u00e1m s\u00e1t t\u00ednh h\u1eefu d\u1ee5ng c\u1ee7a c\u00f4ng ty \u0111\u1ec3 theo d\u00f5i h\u00e0nh vi kh\u00e1ch h\u00e0ng truy c\u1eadp v\u00e0o trang web c\u1ee7a ch\u00fang t\u00f4i. Tuy nhi\u00ean, ch\u00fang t\u00f4i kh\u00f4ng c\u00f3 quy\u1ec1n tham gia ho\u1eb7c \u0111i\u1ec1u ch\u1ec9nh Cookies c\u1ee7a h\u1ecd. Th\u00f4ng tin ch\u00fang t\u00f4i thu \u0111\u01b0\u1ee3c th\u00f4ng qua s\u1ef1 theo d\u00f5i c\u1ee7a b\u00ean th\u1ee9 3, ho\u00e0n to\u00e0n \u1ea9n danh v\u00e0 s\u1eed d\u1ee5ng \u0111\u1ec3 c\u1ea3i thi\u1ec7n d\u1ecbch v\u1ee5 v\u00e0 hi\u1ec7u qu\u1ea3 marketing.<\/p>\n\n\n\n<p>7. Nh\u01b0 h\u1ea7u h\u1ebft c\u00e1c trang web kh\u00e1c, ch\u00fang t\u00f4i t\u1ef1 \u0111\u1ed9ng t\u1ed5ng h\u1ee3p th\u00f4ng tin v\u00e0 l\u01b0u tr\u1eef ch\u00fang tr\u00ean t\u1eadp tin l\u1ecbch s\u1eed l\u01b0u tr\u1eef.Th\u00f4ng tin n\u00e0y bao g\u1ed3m \u0111\u1ecba ch\u1ec9 Internet, lo\u1ea1i tr\u00ecnh duy\u1ec7t v\u00e0 ng\u00f4n ng\u1eef, nh\u00e0 cung c\u1ea5p d\u1ecbch v\u1ee5 Internet, trang \u0111\u1ebfn v\u00e0 trang \u0111i, h\u1ec7 th\u1ed1ng v\u1eadn h\u00e0nh, ng\u00e0y th\u00e1ng v\u00e0 th\u00f4ng tin v\u1ec1 click chu\u1ed9t. Ch\u00fang t\u00f4i s\u1eed d\u1ee5ng th\u00f4ng tin n\u00e0y \u0111\u1ec3 t\u00ecm hi\u1ec3u v\u00e0 ph\u00e2n t\u00edch xu h\u01b0\u1edbng, \u0111\u1ec3 qu\u1ea3n tr\u1ecb trang web \u0111\u1ed3ng th\u1eddi nghi\u00ean c\u1ee9u h\u00e0nh vi kh\u00e1ch h\u00e0ng, thu th\u1eadp th\u00f4ng tin c\u00e1 nh\u00e2n c\u1ee7a ng\u01b0\u1eddi d\u00f9ng.<\/p>\n\n\n\n<h2 class=\"wp-block-heading\">VII. \u0110\u1ecba ch\u1ec9 l\u01b0u tr\u1eef th\u00f4ng tin<\/h2>\n\n\n\n<p>M\u1ecdi th\u00f4ng tin c\u1ee7a Kh\u00e1ch h\u00e0ng \u0111\u01b0\u1ee3c l\u01b0u tr\u1eef t\u1ea1i \u0111\u1ecba ch\u1ec9:<br>C\u00d4NG TY TNHH TH\u01af\u01a0NG M\u1ea0I \u0110\u1ea6U T\u01af V\u00c0 D\u1ecaCH V\u1ee4 OMM<\/p>\n\n\n\n<p>\u0110\u1ecba ch\u1ec9: 149\/98 Nguy\u1ec5n Duy, Ph\u01b0\u1eddng 9, qu\u1eadn 8, th\u00e0nh ph\u1ed1 H\u1ed3 Ch\u00ed Minh, Vi\u1ec7t Nam<\/p>\n\n\n\n<p>\u0110i\u1ec7n tho\u1ea1i: 0931739468<\/p>\n\n\n\n<p>Email: ommbrows@gamail.com<\/p>\n\n\n\n<p>M\u1ed9t s\u1ed1 \u0111\u1ec1 m\u1ee5c trong ch\u00ednh s\u00e1ch b\u1ea3o m\u1eadt c\u1ee7a Omm BROWS c\u00f3 th\u1ec3 thay \u0111\u1ed5i. N\u1ebfu ch\u00fang t\u00f4i quy\u1ebft \u0111\u1ecbnh thay \u0111\u1ed5i c\u00e1ch th\u1ee9c thu th\u1eadp, s\u1eed d\u1ee5ng ho\u1eb7c chia s\u1ebb th\u00f4ng tin, ch\u00fang t\u00f4i s\u1ebd th\u01b0\u01a1ng m\u1ea1i ho\u00e1 c\u00e1c b\u01b0\u1edbc \u0111\u1ec3 th\u00f4ng b\u00e1o t\u1edbi c\u00e1c th\u00e0nh vi\u00ean b\u1eb1ng email v\u00e0 gi\u1ea3i tr\u00ecnh s\u1ef1 thay \u0111\u1ed5i \u0111\u00f3 v\u00e0 \u0111\u01b0a ra l\u1ef1a ch\u1ecdn c\u00f3 cho ph\u00e9p hay kh\u00f4ng vi\u1ec7c s\u1eed d\u1ee5ng th\u00f4ng tin c\u00e1 nh\u00e2n c\u1ee7a kh\u00e1ch h\u00e0ng tr\u00ean c\u00e1c thay \u0111\u1ed5i m\u1edbi. N\u1ebfu b\u1ea1n c\u00f3 b\u1ea5t k\u00ec c\u00e2u h\u1ecfi n\u00e0o v\u1ec1 h\u1ec7 th\u1ed1ng ch\u00ednh s\u00e1ch, ho\u1eb7c b\u1ea5t k\u1ef3 th\u1eafc m\u1eafc v\u1ec1 Omm GROUP, vui l\u00f2ng li\u00ean h\u1ec7 v\u1edbi ch\u00fang t\u00f4i theo th\u00f4ng tin sau \u0111\u1ec3 \u0111\u01b0\u1ee3c h\u1ed7 tr\u1ee3 k\u1ecbp th\u1eddi.<\/p>\n","protected":false},"excerpt":{"rendered":"<p>I. Thu th\u1eadp th\u00f4ng tin c\u00e1 nh\u00e2n Omm BROWS s\u1ebd thu th\u1eadp th\u00f4ng tin c\u1ee7a Kh\u00e1ch h\u00e0ng bao g\u1ed3m: T\u00ean \u0111\u1ea7y \u0111\u1ee7; \u0110\u1ecba ch\u1ec9 li\u00ean&hellip;<\/p>\n","protected":false},"author":9,"featured_media":0,"parent":0,"menu_order":0,"comment_status":"closed","ping_status":"closed","template":"","meta":{"footnotes":""},"class_list":["post-1323","page","type-page","status-publish","hentry"],"_links":{"self":[{"href":"https:\/\/omm.academy\/vi\/wp-json\/wp\/v2\/pages\/1323","targetHints":{"allow":["GET"]}}],"collection":[{"href":"https:\/\/omm.academy\/vi\/wp-json\/wp\/v2\/pages"}],"about":[{"href":"https:\/\/omm.academy\/vi\/wp-json\/wp\/v2\/types\/page"}],"author":[{"embeddable":true,"href":"https:\/\/omm.academy\/vi\/wp-json\/wp\/v2\/users\/9"}],"replies":[{"embeddable":true,"href":"https:\/\/omm.academy\/vi\/wp-json\/wp\/v2\/comments?post=1323"}],"version-history":[{"count":10,"href":"https:\/\/omm.academy\/vi\/wp-json\/wp\/v2\/pages\/1323\/revisions"}],"predecessor-version":[{"id":1580,"href":"https:\/\/omm.academy\/vi\/wp-json\/wp\/v2\/pages\/1323\/revisions\/1580"}],"wp:attachment":[{"href":"https:\/\/omm.academy\/vi\/wp-json\/wp\/v2\/media?parent=1323"}],"curies":[{"name":"wp","href":"https:\/\/api.w.org\/{rel}","templated":true}]}}